{"id":274,"date":"2022-05-25T04:30:59","date_gmt":"2022-05-25T04:30:59","guid":{"rendered":"https:\/\/augustotejada.com\/?page_id=274"},"modified":"2025-05-04T01:53:40","modified_gmt":"2025-05-04T01:53:40","slug":"bio","status":"publish","type":"page","link":"https:\/\/augustotejada.com\/?page_id=274","title":{"rendered":"Bio"},"content":{"rendered":"\t\t<div data-elementor-type=\"wp-page\" data-elementor-id=\"274\" class=\"elementor elementor-274\">\n\t\t\t\t\t\t<section class=\"elementor-section elementor-top-section elementor-element elementor-element-99122b6 elementor-section-boxed elementor-section-height-default elementor-section-height-default\" data-id=\"99122b6\" data-element_type=\"section\" data-e-type=\"section\">\n\t\t\t\t\t\t<div class=\"elementor-container elementor-column-gap-default\">\n\t\t\t\t\t<div class=\"elementor-column elementor-col-16 elementor-top-column elementor-element elementor-element-9291510\" data-id=\"9291510\" data-element_type=\"column\" data-e-type=\"column\">\n\t\t\t<div class=\"elementor-widget-wrap elementor-element-populated\">\n\t\t\t\t\t\t<div class=\"elementor-element elementor-element-ca57e08 elementor-widget elementor-widget-image\" data-id=\"ca57e08\" data-element_type=\"widget\" data-e-type=\"widget\" data-widget_type=\"image.default\">\n\t\t\t\t<div class=\"elementor-widget-container\">\n\t\t\t\t\t\t\t\t\t\t\t\t\t\t\t<img fetchpriority=\"high\" decoding=\"async\" width=\"876\" height=\"868\" src=\"https:\/\/augustotejada.com\/wp-content\/uploads\/2022\/10\/Captura-de-Pantalla-2022-10-31-a-las-12.23.42.png\" class=\"attachment-1536x1536 size-1536x1536 wp-image-466\" alt=\"\" srcset=\"https:\/\/augustotejada.com\/wp-content\/uploads\/2022\/10\/Captura-de-Pantalla-2022-10-31-a-las-12.23.42.png 876w, https:\/\/augustotejada.com\/wp-content\/uploads\/2022\/10\/Captura-de-Pantalla-2022-10-31-a-las-12.23.42-300x297.png 300w, https:\/\/augustotejada.com\/wp-content\/uploads\/2022\/10\/Captura-de-Pantalla-2022-10-31-a-las-12.23.42-150x150.png 150w, https:\/\/augustotejada.com\/wp-content\/uploads\/2022\/10\/Captura-de-Pantalla-2022-10-31-a-las-12.23.42-768x761.png 768w\" sizes=\"(max-width: 876px) 100vw, 876px\" \/>\t\t\t\t\t\t\t\t\t\t\t\t\t\t\t<\/div>\n\t\t\t\t<\/div>\n\t\t\t\t<div class=\"elementor-element elementor-element-e83973a elementor-widget elementor-widget-image\" data-id=\"e83973a\" data-element_type=\"widget\" data-e-type=\"widget\" data-widget_type=\"image.default\">\n\t\t\t\t<div class=\"elementor-widget-container\">\n\t\t\t\t\t\t\t\t\t\t\t\t\t\t\t<img decoding=\"async\" width=\"828\" height=\"816\" src=\"https:\/\/augustotejada.com\/wp-content\/uploads\/2022\/10\/IMG_2244.jpg\" class=\"attachment-1536x1536 size-1536x1536 wp-image-486\" alt=\"\" srcset=\"https:\/\/augustotejada.com\/wp-content\/uploads\/2022\/10\/IMG_2244.jpg 828w, https:\/\/augustotejada.com\/wp-content\/uploads\/2022\/10\/IMG_2244-300x296.jpg 300w, https:\/\/augustotejada.com\/wp-content\/uploads\/2022\/10\/IMG_2244-768x757.jpg 768w\" sizes=\"(max-width: 828px) 100vw, 828px\" \/>\t\t\t\t\t\t\t\t\t\t\t\t\t\t\t<\/div>\n\t\t\t\t<\/div>\n\t\t\t\t\t<\/div>\n\t\t<\/div>\n\t\t\t\t<div class=\"elementor-column elementor-col-66 elementor-top-column elementor-element elementor-element-3c690c6\" data-id=\"3c690c6\" data-element_type=\"column\" data-e-type=\"column\">\n\t\t\t<div class=\"elementor-widget-wrap elementor-element-populated\">\n\t\t\t\t\t\t<div class=\"elementor-element elementor-element-2935cdc elementor-widget elementor-widget-text-editor\" data-id=\"2935cdc\" data-element_type=\"widget\" data-e-type=\"widget\" data-widget_type=\"text-editor.default\">\n\t\t\t\t<div class=\"elementor-widget-container\">\n\t\t\t\t\t\t\t\t\t<h1><span style=\"color: #ffffff;\">Bio<\/span><\/h1>\n<p style=\"margin: 0px; text-align: justify; font-style: normal; font-variant-caps: normal; font-stretch: normal; font-size: 14px; line-height: normal; font-family: Arial; font-size-adjust: none; font-kerning: auto; font-variant-alternates: normal; font-variant-ligatures: normal; font-variant-numeric: normal; font-variant-east-asian: normal; font-variant-position: normal; font-variant-emoji: normal; font-feature-settings: normal; font-optical-sizing: auto; font-variation-settings: normal; color: #ffffff;\">Augusto es guionista y director formado en la Universidad del Cine de Buenos Aires.&nbsp;<\/p>\n<p style=\"margin: 0px; text-align: justify; font-style: normal; font-variant-caps: normal; font-stretch: normal; font-size: 14px; line-height: normal; font-family: Arial; font-size-adjust: none; font-kerning: auto; font-variant-alternates: normal; font-variant-ligatures: normal; font-variant-numeric: normal; font-variant-east-asian: normal; font-variant-position: normal; font-variant-emoji: normal; font-feature-settings: normal; font-optical-sizing: auto; font-variation-settings: normal; color: #ffffff;\">Con una destacada trayectoria en el documental y de ficci\u00f3n, ha trabajado para reconocidas plataformas internacionales como Netflix, Amazon Prime, Disney +, National Geographic, Discovery Channel y History Channel entre otros.&nbsp;<\/p>\n<p style=\"margin: 0px; text-align: justify; font-style: normal; font-variant-caps: normal; font-stretch: normal; font-size: 14px; line-height: normal; font-family: Arial; font-size-adjust: none; font-kerning: auto; font-variant-alternates: normal; font-variant-ligatures: normal; font-variant-numeric: normal; font-variant-east-asian: normal; font-variant-position: normal; font-variant-emoji: normal; font-feature-settings: normal; font-optical-sizing: auto; font-variation-settings: normal; color: #ffffff;\">Escribi\u00f3 y dirigi\u00f3 la serie El Secretario , estrenada en Amazon Prime, y estuvo al frente de las tres temporadas de Millennials, una exitosa producci\u00f3n de Netflix.&nbsp;<\/p>\n<p style=\"margin: 0px; text-align: justify; font-style: normal; font-variant-caps: normal; font-stretch: normal; font-size: 14px; line-height: normal; font-family: Arial; font-size-adjust: none; font-kerning: auto; font-variant-alternates: normal; font-variant-ligatures: normal; font-variant-numeric: normal; font-variant-east-asian: normal; font-variant-position: normal; font-variant-emoji: normal; font-feature-settings: normal; font-optical-sizing: auto; font-variation-settings: normal; color: #ffffff;\">Fue seleccionado por ARRI como uno de los 11 directores para el lanzamiento de la c\u00e1mara ARRI ALEXA35, con su cortometraje \u201cUn camino ancestral\u201d , presentado en el Director\u2019s Guild de Los \u00c1ngeles.<\/p>\n<p style=\"margin: 0px; text-align: justify; font-style: normal; font-variant-caps: normal; font-stretch: normal; font-size: 14px; line-height: normal; font-family: Arial; font-size-adjust: none; font-kerning: auto; font-variant-alternates: normal; font-variant-ligatures: normal; font-variant-numeric: normal; font-variant-east-asian: normal; font-variant-position: normal; font-variant-emoji: normal; font-feature-settings: normal; font-optical-sizing: auto; font-variation-settings: normal; color: #ffffff;\">En cine, dirigi\u00f3 la pel\u00edcula \u201cEl Duelo\u201d, protagonizada por Joaqu\u00edn Furriel y Eugenia \u201cChina\u201d Su\u00e1rez, nominada a los premios Mart\u00edn Fierro de cine.&nbsp;<\/p>\n<p style=\"margin: 0px; text-align: justify; font-style: normal; font-variant-caps: normal; font-stretch: normal; font-size: 14px; line-height: normal; font-family: Arial; font-size-adjust: none; font-kerning: auto; font-variant-alternates: normal; font-variant-ligatures: normal; font-variant-numeric: normal; font-variant-east-asian: normal; font-variant-position: normal; font-variant-emoji: normal; font-feature-settings: normal; font-optical-sizing: auto; font-variation-settings: normal; color: #ffffff;\">Su m\u00e1s reciente proyecto es la serie Los Tinelli, disponible en Amazon Prime, que explora la vida de Marcelo Tinelli y su familia.<\/p>\n<p style=\"margin: 0px; text-align: justify; font-style: normal; font-variant-caps: normal; font-stretch: normal; font-size: 14px; line-height: normal; font-family: Arial; font-size-adjust: none; font-kerning: auto; font-variant-alternates: normal; font-variant-ligatures: normal; font-variant-numeric: normal; font-variant-east-asian: normal; font-variant-position: normal; font-variant-emoji: normal; font-feature-settings: normal; font-optical-sizing: auto; font-variation-settings: normal; color: #ffffff;\">Actualmente, Augusto se encuentra en etapa de postproducci\u00f3n de una docuserie para Disney, protagonizada por el mexicano Juanpa Zurita, que narra la extraordinaria traves\u00eda de dos j\u00f3venes dando la vuelta al mundo en una avioneta.<\/p>\n<p style=\"margin: 0px; text-align: justify; font-style: normal; font-variant-caps: normal; font-stretch: normal; font-size: 14px; line-height: normal; font-family: Arial; font-size-adjust: none; font-kerning: auto; font-variant-alternates: normal; font-variant-ligatures: normal; font-variant-numeric: normal; font-variant-east-asian: normal; font-variant-position: normal; font-variant-emoji: normal; font-feature-settings: normal; font-optical-sizing: auto; font-variation-settings: normal; color: #ffffff;\">Con cada nuevo proyecto, Augusto busca explorar narrativas innovadoras que conecten con la audiencia y reflejen historias \u00fanicas, manteni\u00e9ndose en constante evoluci\u00f3n como creador y narrador visual.<\/p>\t\t\t\t\t\t\t\t<\/div>\n\t\t\t\t<\/div>\n\t\t\t\t\t<\/div>\n\t\t<\/div>\n\t\t\t\t<div class=\"elementor-column elementor-col-16 elementor-top-column elementor-element elementor-element-62691b9\" data-id=\"62691b9\" data-element_type=\"column\" data-e-type=\"column\">\n\t\t\t<div class=\"elementor-widget-wrap elementor-element-populated\">\n\t\t\t\t\t\t<div class=\"elementor-element elementor-element-ed7c484 elementor-widget__width-initial elementor-widget elementor-widget-image\" data-id=\"ed7c484\" data-element_type=\"widget\" data-e-type=\"widget\" data-widget_type=\"image.default\">\n\t\t\t\t<div class=\"elementor-widget-container\">\n\t\t\t\t\t\t\t\t\t\t\t\t\t\t\t<img decoding=\"async\" width=\"728\" height=\"914\" src=\"https:\/\/augustotejada.com\/wp-content\/uploads\/2022\/10\/Captura-de-Pantalla-2022-10-31-a-las-12.25.45.png\" class=\"attachment-1536x1536 size-1536x1536 wp-image-467\" alt=\"\" srcset=\"https:\/\/augustotejada.com\/wp-content\/uploads\/2022\/10\/Captura-de-Pantalla-2022-10-31-a-las-12.25.45.png 728w, https:\/\/augustotejada.com\/wp-content\/uploads\/2022\/10\/Captura-de-Pantalla-2022-10-31-a-las-12.25.45-239x300.png 239w\" sizes=\"(max-width: 728px) 100vw, 728px\" \/>\t\t\t\t\t\t\t\t\t\t\t\t\t\t\t<\/div>\n\t\t\t\t<\/div>\n\t\t\t\t<div class=\"elementor-element elementor-element-7851fc3 elementor-widget elementor-widget-image\" data-id=\"7851fc3\" data-element_type=\"widget\" data-e-type=\"widget\" data-widget_type=\"image.default\">\n\t\t\t\t<div class=\"elementor-widget-container\">\n\t\t\t\t\t\t\t\t\t\t\t\t\t\t\t<img loading=\"lazy\" decoding=\"async\" width=\"990\" height=\"996\" src=\"https:\/\/augustotejada.com\/wp-content\/uploads\/2022\/10\/Captura-de-Pantalla-2022-10-31-a-las-12.28.03.png\" class=\"attachment-1536x1536 size-1536x1536 wp-image-472\" alt=\"\" srcset=\"https:\/\/augustotejada.com\/wp-content\/uploads\/2022\/10\/Captura-de-Pantalla-2022-10-31-a-las-12.28.03.png 990w, https:\/\/augustotejada.com\/wp-content\/uploads\/2022\/10\/Captura-de-Pantalla-2022-10-31-a-las-12.28.03-298x300.png 298w, https:\/\/augustotejada.com\/wp-content\/uploads\/2022\/10\/Captura-de-Pantalla-2022-10-31-a-las-12.28.03-150x150.png 150w, https:\/\/augustotejada.com\/wp-content\/uploads\/2022\/10\/Captura-de-Pantalla-2022-10-31-a-las-12.28.03-768x773.png 768w\" sizes=\"(max-width: 990px) 100vw, 990px\" \/>\t\t\t\t\t\t\t\t\t\t\t\t\t\t\t<\/div>\n\t\t\t\t<\/div>\n\t\t\t\t\t<\/div>\n\t\t<\/div>\n\t\t\t\t\t<\/div>\n\t\t<\/section>\n\t\t\t\t<section class=\"elementor-section elementor-top-section elementor-element elementor-element-dc36d31 elementor-section-boxed elementor-section-height-default elementor-section-height-default\" data-id=\"dc36d31\" data-element_type=\"section\" data-e-type=\"section\">\n\t\t\t\t\t\t<div class=\"elementor-container elementor-column-gap-default\">\n\t\t\t\t\t<div class=\"elementor-column elementor-col-25 elementor-top-column elementor-element elementor-element-d8d289f\" data-id=\"d8d289f\" data-element_type=\"column\" data-e-type=\"column\">\n\t\t\t<div class=\"elementor-widget-wrap\">\n\t\t\t\t\t\t\t<\/div>\n\t\t<\/div>\n\t\t\t\t<div class=\"elementor-column elementor-col-50 elementor-top-column elementor-element elementor-element-9614e12\" data-id=\"9614e12\" data-element_type=\"column\" data-e-type=\"column\">\n\t\t\t<div class=\"elementor-widget-wrap\">\n\t\t\t\t\t\t\t<\/div>\n\t\t<\/div>\n\t\t\t\t<div class=\"elementor-column elementor-col-25 elementor-top-column elementor-element elementor-element-9dffd1a\" data-id=\"9dffd1a\" data-element_type=\"column\" data-e-type=\"column\">\n\t\t\t<div class=\"elementor-widget-wrap\">\n\t\t\t\t\t\t\t<\/div>\n\t\t<\/div>\n\t\t\t\t\t<\/div>\n\t\t<\/section>\n\t\t\t\t<section class=\"elementor-section elementor-top-section elementor-element elementor-element-5541670 elementor-section-boxed elementor-section-height-default elementor-section-height-default\" data-id=\"5541670\" data-element_type=\"section\" data-e-type=\"section\">\n\t\t\t\t\t\t<div class=\"elementor-container elementor-column-gap-default\">\n\t\t\t\t\t<div class=\"elementor-column elementor-col-16 elementor-top-column elementor-element elementor-element-ef2f27e\" data-id=\"ef2f27e\" data-element_type=\"column\" data-e-type=\"column\">\n\t\t\t<div class=\"elementor-widget-wrap\">\n\t\t\t\t\t\t\t<\/div>\n\t\t<\/div>\n\t\t\t\t<div class=\"elementor-column elementor-col-66 elementor-top-column elementor-element elementor-element-1486515\" data-id=\"1486515\" data-element_type=\"column\" data-e-type=\"column\">\n\t\t\t<div class=\"elementor-widget-wrap elementor-element-populated\">\n\t\t\t\t\t\t<div class=\"elementor-element elementor-element-31c4eb7 elementor-widget elementor-widget-text-editor\" data-id=\"31c4eb7\" data-element_type=\"widget\" data-e-type=\"widget\" data-widget_type=\"text-editor.default\">\n\t\t\t\t<div class=\"elementor-widget-container\">\n\t\t\t\t\t\t\t\t\t<h5><span style=\"color: #ffffff;\">Contacto<\/span><\/h5>\t\t\t\t\t\t\t\t<\/div>\n\t\t\t\t<\/div>\n\t\t\t\t\t<\/div>\n\t\t<\/div>\n\t\t\t\t<div class=\"elementor-column elementor-col-16 elementor-top-column elementor-element elementor-element-7eb7a50\" data-id=\"7eb7a50\" data-element_type=\"column\" data-e-type=\"column\">\n\t\t\t<div class=\"elementor-widget-wrap\">\n\t\t\t\t\t\t\t<\/div>\n\t\t<\/div>\n\t\t\t\t\t<\/div>\n\t\t<\/section>\n\t\t\t\t<section class=\"elementor-section elementor-top-section elementor-element elementor-element-30e1cfe elementor-section-boxed elementor-section-height-default elementor-section-height-default\" data-id=\"30e1cfe\" data-element_type=\"section\" data-e-type=\"section\">\n\t\t\t\t\t\t<div class=\"elementor-container elementor-column-gap-default\">\n\t\t\t\t\t<div class=\"elementor-column elementor-col-20 elementor-top-column elementor-element elementor-element-54951f8\" data-id=\"54951f8\" data-element_type=\"column\" data-e-type=\"column\">\n\t\t\t<div class=\"elementor-widget-wrap\">\n\t\t\t\t\t\t\t<\/div>\n\t\t<\/div>\n\t\t\t\t<div class=\"elementor-column elementor-col-20 elementor-top-column elementor-element elementor-element-725ebc2\" data-id=\"725ebc2\" data-element_type=\"column\" data-e-type=\"column\">\n\t\t\t<div class=\"elementor-widget-wrap elementor-element-populated\">\n\t\t\t\t\t\t<div class=\"elementor-element elementor-element-62c593f elementor-view-default elementor-widget elementor-widget-icon\" data-id=\"62c593f\" data-element_type=\"widget\" data-e-type=\"widget\" data-widget_type=\"icon.default\">\n\t\t\t\t<div class=\"elementor-widget-container\">\n\t\t\t\t\t\t\t<div class=\"elementor-icon-wrapper\">\n\t\t\t<a class=\"elementor-icon\" href=\"https:\/\/wa.me\/59897470663\">\n\t\t\t<i aria-hidden=\"true\" class=\"fab fa-whatsapp\"><\/i>\t\t\t<\/a>\n\t\t<\/div>\n\t\t\t\t\t\t<\/div>\n\t\t\t\t<\/div>\n\t\t\t\t\t<\/div>\n\t\t<\/div>\n\t\t\t\t<div class=\"elementor-column elementor-col-20 elementor-top-column elementor-element elementor-element-cbd8a3a\" data-id=\"cbd8a3a\" data-element_type=\"column\" data-e-type=\"column\">\n\t\t\t<div class=\"elementor-widget-wrap elementor-element-populated\">\n\t\t\t\t\t\t<div class=\"elementor-element elementor-element-fc84b81 elementor-view-default elementor-widget elementor-widget-icon\" data-id=\"fc84b81\" data-element_type=\"widget\" data-e-type=\"widget\" data-widget_type=\"icon.default\">\n\t\t\t\t<div class=\"elementor-widget-container\">\n\t\t\t\t\t\t\t<div class=\"elementor-icon-wrapper\">\n\t\t\t<a class=\"elementor-icon\" href=\"mailto:augustejada@gmail.com\">\n\t\t\t<i aria-hidden=\"true\" class=\"far fa-envelope\"><\/i>\t\t\t<\/a>\n\t\t<\/div>\n\t\t\t\t\t\t<\/div>\n\t\t\t\t<\/div>\n\t\t\t\t\t<\/div>\n\t\t<\/div>\n\t\t\t\t<div class=\"elementor-column elementor-col-20 elementor-top-column elementor-element elementor-element-058d119\" data-id=\"058d119\" data-element_type=\"column\" data-e-type=\"column\">\n\t\t\t<div class=\"elementor-widget-wrap elementor-element-populated\">\n\t\t\t\t\t\t<div class=\"elementor-element elementor-element-85a97d6 elementor-view-default elementor-widget elementor-widget-icon\" data-id=\"85a97d6\" data-element_type=\"widget\" data-e-type=\"widget\" data-widget_type=\"icon.default\">\n\t\t\t\t<div class=\"elementor-widget-container\">\n\t\t\t\t\t\t\t<div class=\"elementor-icon-wrapper\">\n\t\t\t<div class=\"elementor-icon\">\n\t\t\t<i aria-hidden=\"true\" class=\"fab fa-instagram\"><\/i>\t\t\t<\/div>\n\t\t<\/div>\n\t\t\t\t\t\t<\/div>\n\t\t\t\t<\/div>\n\t\t\t\t\t<\/div>\n\t\t<\/div>\n\t\t\t\t<div class=\"elementor-column elementor-col-20 elementor-top-column elementor-element elementor-element-e678bb8\" data-id=\"e678bb8\" data-element_type=\"column\" data-e-type=\"column\">\n\t\t\t<div class=\"elementor-widget-wrap elementor-element-populated\">\n\t\t\t\t\t\t<div class=\"elementor-element elementor-element-6b6f64b elementor-view-default elementor-widget elementor-widget-icon\" data-id=\"6b6f64b\" data-element_type=\"widget\" data-e-type=\"widget\" data-widget_type=\"icon.default\">\n\t\t\t\t<div class=\"elementor-widget-container\">\n\t\t\t\t\t\t\t<div class=\"elementor-icon-wrapper\">\n\t\t\t<div class=\"elementor-icon\">\n\t\t\t<i aria-hidden=\"true\" class=\"fab fa-facebook-square\"><\/i>\t\t\t<\/div>\n\t\t<\/div>\n\t\t\t\t\t\t<\/div>\n\t\t\t\t<\/div>\n\t\t\t\t\t<\/div>\n\t\t<\/div>\n\t\t\t\t\t<\/div>\n\t\t<\/section>\n\t\t\t\t<\/div>\n\t\t","protected":false},"excerpt":{"rendered":"<p>Bio Augusto es guionista y director formado en la Universidad del Cine de Buenos Aires.&nbsp; Con una destacada trayectoria en el documental y de ficci\u00f3n, ha trabajado para reconocidas plataformas internacionales como Netflix, Amazon Prime, Disney +, National Geographic, Discovery Channel y History Channel entre otros.&nbsp; Escribi\u00f3 y dirigi\u00f3 la serie El Secretario , estrenada [&hellip;]<\/p>\n","protected":false},"author":1,"featured_media":0,"parent":0,"menu_order":0,"comment_status":"closed","ping_status":"closed","template":"","meta":{"footnotes":""},"class_list":["post-274","page","type-page","status-publish","hentry"],"_links":{"self":[{"href":"https:\/\/augustotejada.com\/index.php?rest_route=\/wp\/v2\/pages\/274","targetHints":{"allow":["GET"]}}],"collection":[{"href":"https:\/\/augustotejada.com\/index.php?rest_route=\/wp\/v2\/pages"}],"about":[{"href":"https:\/\/augustotejada.com\/index.php?rest_route=\/wp\/v2\/types\/page"}],"author":[{"embeddable":true,"href":"https:\/\/augustotejada.com\/index.php?rest_route=\/wp\/v2\/users\/1"}],"replies":[{"embeddable":true,"href":"https:\/\/augustotejada.com\/index.php?rest_route=%2Fwp%2Fv2%2Fcomments&post=274"}],"version-history":[{"count":77,"href":"https:\/\/augustotejada.com\/index.php?rest_route=\/wp\/v2\/pages\/274\/revisions"}],"predecessor-version":[{"id":851,"href":"https:\/\/augustotejada.com\/index.php?rest_route=\/wp\/v2\/pages\/274\/revisions\/851"}],"wp:attachment":[{"href":"https:\/\/augustotejada.com\/index.php?rest_route=%2Fwp%2Fv2%2Fmedia&parent=274"}],"curies":[{"name":"wp","href":"https:\/\/api.w.org\/{rel}","templated":true}]}}